{"id":21,"date":"2020-03-30T08:31:03","date_gmt":"2020-03-30T05:31:03","guid":{"rendered":"https:\/\/tempblogi.samk.fi\/?page_id=21"},"modified":"2023-12-05T12:48:18","modified_gmt":"2023-12-05T10:48:18","slug":"etusivu","status":"publish","type":"page","link":"https:\/\/www.soteekki.fi\/blogi\/","title":{"rendered":"Etusivu"},"content":{"rendered":"\n\n\t\t\t\t<img decoding=\"async\" src=\"https:\/\/www.soteekki.fi\/blogi\/wp-content\/plugins\/bb-plugin\/img\/pixel.png\" alt=\"\" itemprop=\"image\" onerror=\"this.style.display='none'\"  \/>\n\t<p>Soteekin p\u00e4iv\u00e4kirjat -blogi on kurkistus Satakunnan ammattikorkeakoulun Palvelukeskus Soteekin arkeen. Mit\u00e4 harjoittelujaksoa tekev\u00e4t fysioterapeutti-, sairaanhoitaja- ja sosionomiopiskelijat haluavat kertoa Soteekki-matkastaan? Ent\u00e4 miss\u00e4 teht\u00e4v\u00e4ss\u00e4 liiketalouden opiskelijat ovat sosiaali- ja terveysalan palvelukeskuksessa? Blogi tuo esille Soteekin erityispiirteit\u00e4 opiskelijan n\u00e4k\u00f6kulmasta.<\/p>\n<p>Strong together.<\/p>\n\t\t\t<a href=\"https:\/\/www.soteekki.fi\/blogi\/blogi\/\" target=\"_self\" rel=\"noopener\">\n\t\t\t\t\t\t\tLue Blogia\n\t\t\t\t\t<\/a>\n\n","protected":false},"excerpt":{"rendered":"<p>Soteekin p\u00e4iv\u00e4kirjat -blogi on kurkistus Satakunnan ammattikorkeakoulun Palvelukeskus Soteekin arkeen. Mit\u00e4 harjoittelujaksoa tekev\u00e4t fysioterapeutti-, sairaanhoitaja- ja sosionomiopiskelijat haluavat kertoa Soteekki-matkastaan? Ent\u00e4 miss\u00e4 teht\u00e4v\u00e4ss\u00e4 liiketalouden opiskelijat ovat sosiaali- ja terveysalan palvelukeskuksessa? Blogi tuo esille Soteekin erityispiirteit\u00e4 opiskelijan n\u00e4k\u00f6kulmasta. Strong together. Lue Blogia<\/p>\n","protected":false},"author":1,"featured_media":0,"parent":0,"menu_order":0,"comment_status":"closed","ping_status":"closed","template":"","meta":{"footnotes":""},"class_list":["post-21","page","type-page","status-publish","hentry"],"_links":{"self":[{"href":"https:\/\/www.soteekki.fi\/blogi\/wp-json\/wp\/v2\/pages\/21","targetHints":{"allow":["GET"]}}],"collection":[{"href":"https:\/\/www.soteekki.fi\/blogi\/wp-json\/wp\/v2\/pages"}],"about":[{"href":"https:\/\/www.soteekki.fi\/blogi\/wp-json\/wp\/v2\/types\/page"}],"author":[{"embeddable":true,"href":"https:\/\/www.soteekki.fi\/blogi\/wp-json\/wp\/v2\/users\/1"}],"replies":[{"embeddable":true,"href":"https:\/\/www.soteekki.fi\/blogi\/wp-json\/wp\/v2\/comments?post=21"}],"version-history":[{"count":12,"href":"https:\/\/www.soteekki.fi\/blogi\/wp-json\/wp\/v2\/pages\/21\/revisions"}],"predecessor-version":[{"id":708,"href":"https:\/\/www.soteekki.fi\/blogi\/wp-json\/wp\/v2\/pages\/21\/revisions\/708"}],"wp:attachment":[{"href":"https:\/\/www.soteekki.fi\/blogi\/wp-json\/wp\/v2\/media?parent=21"}],"curies":[{"name":"wp","href":"https:\/\/api.w.org\/{rel}","templated":true}]}}